{"id":2713,"date":"2024-04-03T20:56:31","date_gmt":"2024-04-03T20:56:31","guid":{"rendered":"https:\/\/hosteriadelparque.com\/?page_id=2713"},"modified":"2024-08-20T15:13:11","modified_gmt":"2024-08-20T15:13:11","slug":"politica-de-privacidad","status":"publish","type":"page","link":"https:\/\/hosteriadelparque.com\/en\/politica-de-privacidad\/","title":{"rendered":"Pol\u00edtica de privacidad"},"content":{"rendered":"<div data-elementor-type=\"wp-page\" data-elementor-id=\"2713\" class=\"elementor elementor-2713\" data-elementor-post-type=\"page\">\n\t\t\t\t\t\t<section data-particle_enable=\"false\" data-particle-mobile-disabled=\"false\" class=\"elementor-section elementor-top-section elementor-element elementor-element-7de7c523 elementor-section-content-middle elementor-section-boxed elementor-section-height-default elementor-section-height-default\" data-id=\"7de7c523\" data-element_type=\"section\" data-e-type=\"section\" data-settings=\"{&quot;background_background&quot;:&quot;classic&quot;,&quot;ekit_has_onepagescroll_dot&quot;:&quot;yes&quot;}\">\n\t\t\t\t\t\t\t<div class=\"elementor-background-overlay\"><\/div>\n\t\t\t\t\t\t\t<div class=\"elementor-container elementor-column-gap-default\">\n\t\t\t\t\t<div class=\"elementor-column elementor-col-100 elementor-top-column elementor-element elementor-element-3fd12c25\" data-id=\"3fd12c25\" data-element_type=\"column\" data-e-type=\"column\">\n\t\t\t<div class=\"elementor-widget-wrap elementor-element-populated\">\n\t\t\t\t\t\t<div class=\"elementor-element elementor-element-6e01775 elementor-widget elementor-widget-heading\" data-id=\"6e01775\" data-element_type=\"widget\" data-e-type=\"widget\" data-settings=\"{&quot;ekit_we_effect_on&quot;:&quot;none&quot;}\" data-widget_type=\"heading.default\">\n\t\t\t\t<div class=\"elementor-widget-container\">\n\t\t\t\t\t<h1 class=\"elementor-heading-title elementor-size-default\">Pol\u00edtica de Privacidad<\/h1>\t\t\t\t<\/div>\n\t\t\t\t<\/div>\n\t\t\t\t\t<\/div>\n\t\t<\/div>\n\t\t\t\t\t<\/div>\n\t\t<\/section>\n\t\t\t\t<section data-particle_enable=\"false\" data-particle-mobile-disabled=\"false\" class=\"elementor-section elementor-top-section elementor-element elementor-element-447ea17 elementor-section-boxed elementor-section-height-default elementor-section-height-default\" data-id=\"447ea17\" data-element_type=\"section\" data-e-type=\"section\" data-settings=\"{&quot;ekit_has_onepagescroll_dot&quot;:&quot;yes&quot;}\">\n\t\t\t\t\t\t<div class=\"elementor-container elementor-column-gap-default\">\n\t\t\t\t\t<div class=\"elementor-column elementor-col-100 elementor-top-column elementor-element elementor-element-08696c3\" data-id=\"08696c3\" data-element_type=\"column\" data-e-type=\"column\">\n\t\t\t<div class=\"elementor-widget-wrap elementor-element-populated\">\n\t\t\t\t\t\t<div class=\"elementor-element elementor-element-a58351b elementor-widget elementor-widget-heading\" data-id=\"a58351b\" data-element_type=\"widget\" data-e-type=\"widget\" data-settings=\"{&quot;ekit_we_effect_on&quot;:&quot;none&quot;}\" data-widget_type=\"heading.default\">\n\t\t\t\t<div class=\"elementor-widget-container\">\n\t\t\t\t\t<h2 class=\"elementor-heading-title elementor-size-default\">Saber sobre las pol\u00edticas de Privacidad de Hoster\u00eda del Parque<\/h2>\t\t\t\t<\/div>\n\t\t\t\t<\/div>\n\t\t\t\t<div class=\"elementor-element elementor-element-2b8ce2a elementor-widget elementor-widget-text-editor\" data-id=\"2b8ce2a\" data-element_type=\"widget\" data-e-type=\"widget\" data-settings=\"{&quot;ekit_we_effect_on&quot;:&quot;none&quot;}\" data-widget_type=\"text-editor.default\">\n\t\t\t\t<div class=\"elementor-widget-container\">\n\t\t\t\t\t\t\t\t\t<p><strong>Informaci\u00f3n que recopilamos<\/strong><\/p><p>Cuando usted realiza una reserva en l\u00ednea en nuestro sitio web, podemos recopilar y procesar la siguiente informaci\u00f3n personal:<\/p><ul><li>Nombre completo<\/li><li>Direcci\u00f3n de correo electr\u00f3nico<\/li><li>N\u00famero de tel\u00e9fono<\/li><li>Informaci\u00f3n de pago (como n\u00famero de tarjeta de cr\u00e9dito)<\/li><li>Informaci\u00f3n demogr\u00e1fica, como pa\u00eds de origen y preferencias de idioma<\/li><li>Informaci\u00f3n sobre su estancia previa en nuestro hotel, si corresponde<\/li><\/ul><p><strong>C\u00f3mo utilizamos su informaci\u00f3n<\/strong><\/p><p>Utilizamos la informaci\u00f3n personal recopilada para los siguientes fines:<\/p><ul><li>Procesar su reserva y proporcionarle servicios relacionados con su estad\u00eda en nuestro hotel.<\/li><li>Comunicarnos con usted sobre su reserva, cambios en nuestra pol\u00edtica o servicios, y solicitudes especiales.<\/li><li>Mejorar nuestros servicios y personalizar su experiencia en nuestro hotel.<\/li><li>Cumplir con obligaciones legales y normativas.<\/li><\/ul><p><strong>Compartir su informaci\u00f3n<\/strong><\/p><p>No vendemos, alquilamos ni compartimos su informaci\u00f3n personal con terceros para fines comerciales sin su consentimiento. Sin embargo, podemos compartir su informaci\u00f3n con proveedores de servicios de confianza que nos ayudan a operar nuestro sitio web y prestar servicios relacionados con su reserva.<\/p><p><strong>Seguridad de la informaci\u00f3n<\/strong><\/p><p>Implementamos medidas de seguridad t\u00e9cnicas, administrativas y f\u00edsicas para proteger su informaci\u00f3n personal contra p\u00e9rdida, robo, uso indebido o acceso no autorizado.<\/p><p><strong>Sus derechos de privacidad<\/strong><\/p><p>Usted tiene ciertos derechos con respecto a su informaci\u00f3n personal, incluido el derecho a acceder, corregir, eliminar, restringir o portar sus datos. Si desea ejercer alguno de estos derechos o tiene preguntas sobre nuestra Pol\u00edtica de Privacidad, no dude en contactarnos.<\/p><p><strong>Cambios en nuestra Pol\u00edtica de Privacidad<\/strong><\/p><p>Nos reservamos el derecho de actualizar esta Pol\u00edtica de Privacidad en cualquier momento. Las revisiones entrar\u00e1n en vigencia inmediatamente despu\u00e9s de su publicaci\u00f3n en nuestro sitio web. Le recomendamos que revise esta p\u00e1gina peri\u00f3dicamente para estar al tanto de cualquier cambio.<\/p><p>Gracias por confiar en Hoster\u00eda del Parque. Estamos comprometidos a proteger su privacidad y asegurarnos de que tenga una experiencia c\u00f3moda y segura durante su estad\u00eda con nosotros.<\/p>\t\t\t\t\t\t\t\t<\/div>\n\t\t\t\t<\/div>\n\t\t\t\t\t<\/div>\n\t\t<\/div>\n\t\t\t\t\t<\/div>\n\t\t<\/section>\n\t\t\t\t<section data-particle_enable=\"false\" data-particle-mobile-disabled=\"false\" class=\"elementor-section elementor-top-section elementor-element elementor-element-2ae2be2 elementor-section-boxed elementor-section-height-default elementor-section-height-default\" data-id=\"2ae2be2\" data-element_type=\"section\" data-e-type=\"section\" data-settings=\"{&quot;background_background&quot;:&quot;classic&quot;,&quot;ekit_has_onepagescroll_dot&quot;:&quot;yes&quot;}\">\n\t\t\t\t\t\t\t<div class=\"elementor-background-overlay\"><\/div>\n\t\t\t\t\t\t\t<div class=\"elementor-container elementor-column-gap-default\">\n\t\t\t\t\t<div class=\"elementor-column elementor-col-50 elementor-top-column elementor-element elementor-element-4ad9512\" data-id=\"4ad9512\" data-element_type=\"column\" data-e-type=\"column\">\n\t\t\t<div class=\"elementor-widget-wrap elementor-element-populated\">\n\t\t\t\t\t\t<div class=\"elementor-element elementor-element-e51b9b0 animated-slow elementor-invisible elementor-widget elementor-widget-heading\" data-id=\"e51b9b0\" data-element_type=\"widget\" data-e-type=\"widget\" data-settings=\"{&quot;_animation&quot;:&quot;fadeInUp&quot;,&quot;ekit_we_effect_on&quot;:&quot;none&quot;}\" data-widget_type=\"heading.default\">\n\t\t\t\t<div class=\"elementor-widget-container\">\n\t\t\t\t\t<h2 class=\"elementor-heading-title elementor-size-default\">In need of a holiday?<\/h2>\t\t\t\t<\/div>\n\t\t\t\t<\/div>\n\t\t\t\t<div class=\"elementor-element elementor-element-5fa137e elementor-widget elementor-widget-text-editor\" data-id=\"5fa137e\" data-element_type=\"widget\" data-e-type=\"widget\" data-settings=\"{&quot;ekit_we_effect_on&quot;:&quot;none&quot;}\" data-widget_type=\"text-editor.default\">\n\t\t\t\t<div class=\"elementor-widget-container\">\n\t\t\t\t\t\t\t\t\t<p>Beach, nature and comfort await you! Book now at the Hoster\u00eda del Parque.<\/p>\t\t\t\t\t\t\t\t<\/div>\n\t\t\t\t<\/div>\n\t\t\t\t\t<\/div>\n\t\t<\/div>\n\t\t\t\t<div class=\"elementor-column elementor-col-50 elementor-top-column elementor-element elementor-element-1f71914\" data-id=\"1f71914\" data-element_type=\"column\" data-e-type=\"column\">\n\t\t\t<div class=\"elementor-widget-wrap elementor-element-populated\">\n\t\t\t\t\t\t<section data-particle_enable=\"false\" data-particle-mobile-disabled=\"false\" class=\"elementor-section elementor-inner-section elementor-element elementor-element-d2ee0f2 elementor-section-boxed elementor-section-height-default elementor-section-height-default\" data-id=\"d2ee0f2\" data-element_type=\"section\" data-e-type=\"section\" data-settings=\"{&quot;ekit_has_onepagescroll_dot&quot;:&quot;yes&quot;}\">\n\t\t\t\t\t\t<div class=\"elementor-container elementor-column-gap-default\">\n\t\t\t\t\t<div class=\"elementor-column elementor-col-100 elementor-inner-column elementor-element elementor-element-6594755\" data-id=\"6594755\" data-element_type=\"column\" data-e-type=\"column\">\n\t\t\t<div class=\"elementor-widget-wrap elementor-element-populated\">\n\t\t\t\t\t\t<div class=\"elementor-element elementor-element-1b8f5f5 elementor-widget__width-auto elementor-widget-mobile__width-auto elementor-widget elementor-widget-jkit_button\" data-id=\"1b8f5f5\" data-element_type=\"widget\" data-e-type=\"widget\" data-settings=\"{&quot;ekit_we_effect_on&quot;:&quot;none&quot;}\" data-widget_type=\"jkit_button.default\">\n\t\t\t\t<div class=\"elementor-widget-container\">\n\t\t\t\t\t<div  class=\"jeg-elementor-kit jkit-button  icon-position-after jeg_module___6a047b0ecaa6c\" ><a href=\"https:\/\/wa.link\/pa1vo5\" class=\"jkit-button-wrapper\" target=\"_blank\" rel=\"noopener\">Book Now<\/a><\/div>\t\t\t\t<\/div>\n\t\t\t\t<\/div>\n\t\t\t\t\t<\/div>\n\t\t<\/div>\n\t\t\t\t\t<\/div>\n\t\t<\/section>\n\t\t\t\t\t<\/div>\n\t\t<\/div>\n\t\t\t\t\t<\/div>\n\t\t<\/section>\n\t\t\t\t<\/div>","protected":false},"excerpt":{"rendered":"<p>Pol\u00edtica de Privacidad Saber sobre las pol\u00edticas de Privacidad de Hoster\u00eda del Parque Informaci\u00f3n que recopilamos Cuando usted realiza una reserva en l\u00ednea en nuestro sitio web, podemos recopilar y procesar la siguiente informaci\u00f3n personal: Nombre completo Direcci\u00f3n de correo electr\u00f3nico N\u00famero de tel\u00e9fono Informaci\u00f3n de pago (como n\u00famero de tarjeta de cr\u00e9dito) Informaci\u00f3n demogr\u00e1fica, [&hellip;]<\/p>\n","protected":false},"author":8,"featured_media":0,"parent":0,"menu_order":0,"comment_status":"closed","ping_status":"closed","template":"","meta":{"_joinchat":[],"footnotes":""},"class_list":["post-2713","page","type-page","status-publish","hentry"],"_links":{"self":[{"href":"https:\/\/hosteriadelparque.com\/en\/wp-json\/wp\/v2\/pages\/2713","targetHints":{"allow":["GET"]}}],"collection":[{"href":"https:\/\/hosteriadelparque.com\/en\/wp-json\/wp\/v2\/pages"}],"about":[{"href":"https:\/\/hosteriadelparque.com\/en\/wp-json\/wp\/v2\/types\/page"}],"author":[{"embeddable":true,"href":"https:\/\/hosteriadelparque.com\/en\/wp-json\/wp\/v2\/users\/8"}],"replies":[{"embeddable":true,"href":"https:\/\/hosteriadelparque.com\/en\/wp-json\/wp\/v2\/comments?post=2713"}],"version-history":[{"count":8,"href":"https:\/\/hosteriadelparque.com\/en\/wp-json\/wp\/v2\/pages\/2713\/revisions"}],"predecessor-version":[{"id":3835,"href":"https:\/\/hosteriadelparque.com\/en\/wp-json\/wp\/v2\/pages\/2713\/revisions\/3835"}],"wp:attachment":[{"href":"https:\/\/hosteriadelparque.com\/en\/wp-json\/wp\/v2\/media?parent=2713"}],"curies":[{"name":"wp","href":"https:\/\/api.w.org\/{rel}","templated":true}]}}