{"id":70,"date":"2023-07-20T17:12:26","date_gmt":"2023-07-20T17:12:26","guid":{"rendered":"https:\/\/hosteriadelparque.com\/?page_id=70"},"modified":"2024-06-17T17:45:42","modified_gmt":"2024-06-17T17:45:42","slug":"la-hosteria","status":"publish","type":"page","link":"https:\/\/hosteriadelparque.com\/en\/la-hosteria\/","title":{"rendered":"La Hoster\u00eda"},"content":{"rendered":"<div data-elementor-type=\"wp-page\" data-elementor-id=\"70\" class=\"elementor elementor-70\" data-elementor-post-type=\"page\">\n\t\t\t\t\t\t<section data-particle_enable=\"false\" data-particle-mobile-disabled=\"false\" class=\"elementor-section elementor-top-section elementor-element elementor-element-7dc332e9 elementor-section-content-middle elementor-section-boxed elementor-section-height-default elementor-section-height-default\" data-id=\"7dc332e9\" data-element_type=\"section\" data-e-type=\"section\" data-settings=\"{&quot;background_background&quot;:&quot;classic&quot;,&quot;ekit_has_onepagescroll_dot&quot;:&quot;yes&quot;}\">\n\t\t\t\t\t\t\t<div class=\"elementor-background-overlay\"><\/div>\n\t\t\t\t\t\t\t<div class=\"elementor-container elementor-column-gap-default\">\n\t\t\t\t\t<div class=\"elementor-column elementor-col-100 elementor-top-column elementor-element elementor-element-244e432\" data-id=\"244e432\" data-element_type=\"column\" data-e-type=\"column\">\n\t\t\t<div class=\"elementor-widget-wrap elementor-element-populated\">\n\t\t\t\t\t\t<div class=\"elementor-element elementor-element-4763087b elementor-widget elementor-widget-heading\" data-id=\"4763087b\" data-element_type=\"widget\" data-e-type=\"widget\" data-settings=\"{&quot;ekit_we_effect_on&quot;:&quot;none&quot;}\" data-widget_type=\"heading.default\">\n\t\t\t\t<div class=\"elementor-widget-container\">\n\t\t\t\t\t<h1 class=\"elementor-heading-title elementor-size-default\">About Us<\/h1>\t\t\t\t<\/div>\n\t\t\t\t<\/div>\n\t\t\t\t\t<\/div>\n\t\t<\/div>\n\t\t\t\t\t<\/div>\n\t\t<\/section>\n\t\t\t\t<section data-particle_enable=\"false\" data-particle-mobile-disabled=\"false\" class=\"elementor-section elementor-top-section elementor-element elementor-element-1da983b5 elementor-section-content-top elementor-section-boxed elementor-section-height-default elementor-section-height-default\" data-id=\"1da983b5\" data-element_type=\"section\" data-e-type=\"section\" data-settings=\"{&quot;background_background&quot;:&quot;classic&quot;,&quot;ekit_has_onepagescroll_dot&quot;:&quot;yes&quot;}\">\n\t\t\t\t\t\t<div class=\"elementor-container elementor-column-gap-default\">\n\t\t\t\t\t<div class=\"elementor-column elementor-col-50 elementor-top-column elementor-element elementor-element-658a8598\" data-id=\"658a8598\" data-element_type=\"column\" data-e-type=\"column\">\n\t\t\t<div class=\"elementor-widget-wrap elementor-element-populated\">\n\t\t\t\t\t\t<div class=\"elementor-element elementor-element-3d5a103 elementor-invisible elementor-widget elementor-widget-heading\" data-id=\"3d5a103\" data-element_type=\"widget\" data-e-type=\"widget\" data-settings=\"{&quot;_animation&quot;:&quot;fadeInRight&quot;,&quot;ekit_we_effect_on&quot;:&quot;none&quot;}\" data-widget_type=\"heading.default\">\n\t\t\t\t<div class=\"elementor-widget-container\">\n\t\t\t\t\t<h2 class=\"elementor-heading-title elementor-size-default\">About Our Hostel<\/h2>\t\t\t\t<\/div>\n\t\t\t\t<\/div>\n\t\t\t\t<div class=\"elementor-element elementor-element-30feffb0 elementor-widget elementor-widget-heading\" data-id=\"30feffb0\" data-element_type=\"widget\" data-e-type=\"widget\" data-settings=\"{&quot;ekit_we_effect_on&quot;:&quot;none&quot;}\" data-widget_type=\"heading.default\">\n\t\t\t\t<div class=\"elementor-widget-container\">\n\t\t\t\t\t<h3 class=\"elementor-heading-title elementor-size-default\">Experience the magic of Machalilla at Hoster\u00eda del Parque, where nature connects you.<\/h3>\t\t\t\t<\/div>\n\t\t\t\t<\/div>\n\t\t\t\t\t<\/div>\n\t\t<\/div>\n\t\t\t\t<div class=\"elementor-column elementor-col-50 elementor-top-column elementor-element elementor-element-66121a6a\" data-id=\"66121a6a\" data-element_type=\"column\" data-e-type=\"column\">\n\t\t\t<div class=\"elementor-widget-wrap elementor-element-populated\">\n\t\t\t\t\t\t<div class=\"elementor-element elementor-element-3f3c38c6 elementor-invisible elementor-widget elementor-widget-text-editor\" data-id=\"3f3c38c6\" data-element_type=\"widget\" data-e-type=\"widget\" data-settings=\"{&quot;_animation_delay&quot;:200,&quot;_animation&quot;:&quot;fadeInRight&quot;,&quot;ekit_we_effect_on&quot;:&quot;none&quot;}\" data-widget_type=\"text-editor.default\">\n\t\t\t\t<div class=\"elementor-widget-container\">\n\t\t\t\t\t\t\t\t\t<p>Discover Hoster\u00eda del Parque, an exclusive retreat in Manab\u00ed, just 10 minutes from Puerto L\u00f3pez. Immerse yourself in the tranquillity of Playa de los Frailes and connect with nature. Enjoy the exquisite gastronomy and live unforgettable moments with your loved ones.<\/p>\t\t\t\t\t\t\t\t<\/div>\n\t\t\t\t<\/div>\n\t\t\t\t\t<\/div>\n\t\t<\/div>\n\t\t\t\t\t<\/div>\n\t\t<\/section>\n\t\t\t\t<section data-particle_enable=\"false\" data-particle-mobile-disabled=\"false\" class=\"elementor-section elementor-top-section elementor-element elementor-element-6c353d88 elementor-section-boxed elementor-section-height-default elementor-section-height-default\" data-id=\"6c353d88\" data-element_type=\"section\" data-e-type=\"section\" data-settings=\"{&quot;ekit_has_onepagescroll_dot&quot;:&quot;yes&quot;}\">\n\t\t\t\t\t\t<div class=\"elementor-container elementor-column-gap-default\">\n\t\t\t\t\t<div class=\"elementor-column elementor-col-100 elementor-top-column elementor-element elementor-element-a6609db\" data-id=\"a6609db\" data-element_type=\"column\" data-e-type=\"column\">\n\t\t\t<div class=\"elementor-widget-wrap elementor-element-populated\">\n\t\t\t\t\t\t<div class=\"elementor-element elementor-element-3b4c3779 elementor-pagination-position-outside elementor-widget elementor-widget-image-carousel\" data-id=\"3b4c3779\" data-element_type=\"widget\" data-e-type=\"widget\" data-settings=\"{&quot;slides_to_show&quot;:&quot;3&quot;,&quot;slides_to_scroll&quot;:&quot;1&quot;,&quot;navigation&quot;:&quot;dots&quot;,&quot;image_spacing_custom&quot;:{&quot;unit&quot;:&quot;px&quot;,&quot;size&quot;:40,&quot;sizes&quot;:[]},&quot;autoplay_speed&quot;:2000,&quot;autoplay&quot;:&quot;yes&quot;,&quot;pause_on_hover&quot;:&quot;yes&quot;,&quot;pause_on_interaction&quot;:&quot;yes&quot;,&quot;infinite&quot;:&quot;yes&quot;,&quot;speed&quot;:500,&quot;image_spacing_custom_tablet&quot;:{&quot;unit&quot;:&quot;px&quot;,&quot;size&quot;:&quot;&quot;,&quot;sizes&quot;:[]},&quot;image_spacing_custom_mobile&quot;:{&quot;unit&quot;:&quot;px&quot;,&quot;size&quot;:&quot;&quot;,&quot;sizes&quot;:[]},&quot;ekit_we_effect_on&quot;:&quot;none&quot;}\" data-widget_type=\"image-carousel.default\">\n\t\t\t\t<div class=\"elementor-widget-container\">\n\t\t\t\t\t\t\t<div class=\"elementor-image-carousel-wrapper swiper\" role=\"region\" aria-roledescription=\"carousel\" aria-label=\"Carrusel de im\u00e1genes\" dir=\"ltr\">\n\t\t\t<div class=\"elementor-image-carousel swiper-wrapper\" aria-live=\"off\">\n\t\t\t\t\t\t\t\t<div class=\"swiper-slide\" role=\"group\" aria-roledescription=\"slide\" aria-label=\"1 de 5\"><a data-elementor-open-lightbox=\"yes\" data-elementor-lightbox-slideshow=\"3b4c3779\" data-elementor-lightbox-title=\"gale1\" data-e-action-hash=\"#elementor-action%3Aaction%3Dlightbox%26settings%3DeyJpZCI6MTUzOCwidXJsIjoiaHR0cHM6XC9cL2hvc3RlcmlhZGVscGFycXVlLmNvbVwvd3AtY29udGVudFwvdXBsb2Fkc1wvMjAyM1wvMDhcL2dhbGUxLmpwZyIsInNsaWRlc2hvdyI6IjNiNGMzNzc5In0%3D\" href=\"https:\/\/hosteriadelparque.com\/wp-content\/uploads\/2023\/08\/gale1.jpg\"><figure class=\"swiper-slide-inner\"><img decoding=\"async\" class=\"swiper-slide-image lazyload\" src=\"data:image\/gif;base64,R0lGODlhAQABAIAAAAAAAP\/\/\/yH5BAEAAAAALAAAAAABAAEAAAIBRAA7\" data-src=\"https:\/\/hosteriadelparque.com\/wp-content\/uploads\/2023\/08\/gale1.jpg\" alt=\"gale1\" title=\"\"><noscript><img decoding=\"async\" class=\"swiper-slide-image lazyload\" src=\"https:\/\/hosteriadelparque.com\/wp-content\/uploads\/2023\/08\/gale1.jpg\" alt=\"gale1\" title=\"\"><\/noscript><\/figure><\/a><\/div><div class=\"swiper-slide\" role=\"group\" aria-roledescription=\"slide\" aria-label=\"2 de 5\"><a data-elementor-open-lightbox=\"yes\" data-elementor-lightbox-slideshow=\"3b4c3779\" data-elementor-lightbox-title=\"gale2\" data-e-action-hash=\"#elementor-action%3Aaction%3Dlightbox%26settings%3DeyJpZCI6MTUzOSwidXJsIjoiaHR0cHM6XC9cL2hvc3RlcmlhZGVscGFycXVlLmNvbVwvd3AtY29udGVudFwvdXBsb2Fkc1wvMjAyM1wvMDhcL2dhbGUyLmpwZyIsInNsaWRlc2hvdyI6IjNiNGMzNzc5In0%3D\" href=\"https:\/\/hosteriadelparque.com\/wp-content\/uploads\/2023\/08\/gale2.jpg\"><figure class=\"swiper-slide-inner\"><img decoding=\"async\" class=\"swiper-slide-image lazyload\" src=\"data:image\/gif;base64,R0lGODlhAQABAIAAAAAAAP\/\/\/yH5BAEAAAAALAAAAAABAAEAAAIBRAA7\" data-src=\"https:\/\/hosteriadelparque.com\/wp-content\/uploads\/2023\/08\/gale2.jpg\" alt=\"gale2\" title=\"\"><noscript><img decoding=\"async\" class=\"swiper-slide-image lazyload\" src=\"https:\/\/hosteriadelparque.com\/wp-content\/uploads\/2023\/08\/gale2.jpg\" alt=\"gale2\" title=\"\"><\/noscript><\/figure><\/a><\/div><div class=\"swiper-slide\" role=\"group\" aria-roledescription=\"slide\" aria-label=\"3 de 5\"><a data-elementor-open-lightbox=\"yes\" data-elementor-lightbox-slideshow=\"3b4c3779\" data-elementor-lightbox-title=\"gale3\" data-e-action-hash=\"#elementor-action%3Aaction%3Dlightbox%26settings%3DeyJpZCI6MTU0MCwidXJsIjoiaHR0cHM6XC9cL2hvc3RlcmlhZGVscGFycXVlLmNvbVwvd3AtY29udGVudFwvdXBsb2Fkc1wvMjAyM1wvMDhcL2dhbGUzLmpwZyIsInNsaWRlc2hvdyI6IjNiNGMzNzc5In0%3D\" href=\"https:\/\/hosteriadelparque.com\/wp-content\/uploads\/2023\/08\/gale3.jpg\"><figure class=\"swiper-slide-inner\"><img decoding=\"async\" class=\"swiper-slide-image lazyload\" src=\"data:image\/gif;base64,R0lGODlhAQABAIAAAAAAAP\/\/\/yH5BAEAAAAALAAAAAABAAEAAAIBRAA7\" data-src=\"https:\/\/hosteriadelparque.com\/wp-content\/uploads\/2023\/08\/gale3.jpg\" alt=\"gale3\" title=\"\"><noscript><img decoding=\"async\" class=\"swiper-slide-image lazyload\" src=\"https:\/\/hosteriadelparque.com\/wp-content\/uploads\/2023\/08\/gale3.jpg\" alt=\"gale3\" title=\"\"><\/noscript><\/figure><\/a><\/div><div class=\"swiper-slide\" role=\"group\" aria-roledescription=\"slide\" aria-label=\"4 de 5\"><a data-elementor-open-lightbox=\"yes\" data-elementor-lightbox-slideshow=\"3b4c3779\" data-elementor-lightbox-title=\"assa\" data-e-action-hash=\"#elementor-action%3Aaction%3Dlightbox%26settings%3DeyJpZCI6MjI5OCwidXJsIjoiaHR0cHM6XC9cL2hvc3RlcmlhZGVscGFycXVlLmNvbVwvd3AtY29udGVudFwvdXBsb2Fkc1wvMjAyM1wvMTFcL2Fzc2EuanBnIiwic2xpZGVzaG93IjoiM2I0YzM3NzkifQ%3D%3D\" href=\"https:\/\/hosteriadelparque.com\/wp-content\/uploads\/2023\/11\/assa.jpg\"><figure class=\"swiper-slide-inner\"><img decoding=\"async\" class=\"swiper-slide-image lazyload\" src=\"data:image\/gif;base64,R0lGODlhAQABAIAAAAAAAP\/\/\/yH5BAEAAAAALAAAAAABAAEAAAIBRAA7\" data-src=\"https:\/\/hosteriadelparque.com\/wp-content\/uploads\/2023\/11\/assa.jpg\" alt=\"assa\" title=\"\"><noscript><img decoding=\"async\" class=\"swiper-slide-image lazyload\" src=\"https:\/\/hosteriadelparque.com\/wp-content\/uploads\/2023\/11\/assa.jpg\" alt=\"assa\" title=\"\"><\/noscript><\/figure><\/a><\/div><div class=\"swiper-slide\" role=\"group\" aria-roledescription=\"slide\" aria-label=\"5 de 5\"><a data-elementor-open-lightbox=\"yes\" data-elementor-lightbox-slideshow=\"3b4c3779\" data-elementor-lightbox-title=\"errer\" data-e-action-hash=\"#elementor-action%3Aaction%3Dlightbox%26settings%3DeyJpZCI6MjMwMCwidXJsIjoiaHR0cHM6XC9cL2hvc3RlcmlhZGVscGFycXVlLmNvbVwvd3AtY29udGVudFwvdXBsb2Fkc1wvMjAyM1wvMTFcL2VycmVyLmpwZyIsInNsaWRlc2hvdyI6IjNiNGMzNzc5In0%3D\" href=\"https:\/\/hosteriadelparque.com\/wp-content\/uploads\/2023\/11\/errer.jpg\"><figure class=\"swiper-slide-inner\"><img decoding=\"async\" class=\"swiper-slide-image lazyload\" src=\"data:image\/gif;base64,R0lGODlhAQABAIAAAAAAAP\/\/\/yH5BAEAAAAALAAAAAABAAEAAAIBRAA7\" data-src=\"https:\/\/hosteriadelparque.com\/wp-content\/uploads\/2023\/11\/errer.jpg\" alt=\"errer\" title=\"\"><noscript><img decoding=\"async\" class=\"swiper-slide-image lazyload\" src=\"https:\/\/hosteriadelparque.com\/wp-content\/uploads\/2023\/11\/errer.jpg\" alt=\"errer\" title=\"\"><\/noscript><\/figure><\/a><\/div>\t\t\t<\/div>\n\t\t\t\t\t\t\t\n\t\t\t\t\t\t\t\t\t<div class=\"swiper-pagination\"><\/div>\n\t\t\t\t\t\t\t\t\t<\/div>\n\t\t\t\t\t\t<\/div>\n\t\t\t\t<\/div>\n\t\t\t\t\t<\/div>\n\t\t<\/div>\n\t\t\t\t\t<\/div>\n\t\t<\/section>\n\t\t\t\t<section data-particle_enable=\"false\" data-particle-mobile-disabled=\"false\" class=\"elementor-section elementor-top-section elementor-element elementor-element-635da9c8 elementor-section-boxed elementor-section-height-default elementor-section-height-default\" data-id=\"635da9c8\" data-element_type=\"section\" data-e-type=\"section\" data-settings=\"{&quot;ekit_has_onepagescroll_dot&quot;:&quot;yes&quot;}\">\n\t\t\t\t\t\t\t<div class=\"elementor-background-overlay\"><\/div>\n\t\t\t\t\t\t\t<div class=\"elementor-container elementor-column-gap-default\">\n\t\t\t\t\t<div class=\"elementor-column elementor-col-50 elementor-top-column elementor-element elementor-element-340606af\" data-id=\"340606af\" data-element_type=\"column\" data-e-type=\"column\">\n\t\t\t<div class=\"elementor-widget-wrap elementor-element-populated\">\n\t\t\t\t\t\t<div class=\"elementor-element elementor-element-54ed48f elementor-invisible elementor-widget elementor-widget-heading\" data-id=\"54ed48f\" data-element_type=\"widget\" data-e-type=\"widget\" data-settings=\"{&quot;_animation&quot;:&quot;fadeInRight&quot;,&quot;ekit_we_effect_on&quot;:&quot;none&quot;}\" data-widget_type=\"heading.default\">\n\t\t\t\t<div class=\"elementor-widget-container\">\n\t\t\t\t\t<h2 class=\"elementor-heading-title elementor-size-default\">A little about us<\/h2>\t\t\t\t<\/div>\n\t\t\t\t<\/div>\n\t\t\t\t<div class=\"elementor-element elementor-element-4f8088d4 elementor-widget elementor-widget-heading\" data-id=\"4f8088d4\" data-element_type=\"widget\" data-e-type=\"widget\" data-settings=\"{&quot;ekit_we_effect_on&quot;:&quot;none&quot;}\" data-widget_type=\"heading.default\">\n\t\t\t\t<div class=\"elementor-widget-container\">\n\t\t\t\t\t<h2 class=\"elementor-heading-title elementor-size-default\">Tourism &amp; Entertainment<\/h2>\t\t\t\t<\/div>\n\t\t\t\t<\/div>\n\t\t\t\t<div class=\"elementor-element elementor-element-bb634db elementor-widget elementor-widget-text-editor\" data-id=\"bb634db\" data-element_type=\"widget\" data-e-type=\"widget\" data-settings=\"{&quot;ekit_we_effect_on&quot;:&quot;none&quot;}\" data-widget_type=\"text-editor.default\">\n\t\t\t\t<div class=\"elementor-widget-container\">\n\t\t\t\t\t\t\t\t\t<p>Hoster\u00eda del Parque is a gateway to one of the most charming areas in the world, where you can enjoy nature, paradisiacal beaches and adventure.<\/p>\t\t\t\t\t\t\t\t<\/div>\n\t\t\t\t<\/div>\n\t\t\t\t<div class=\"elementor-element elementor-element-51d4af77 elementor-widget elementor-widget-image\" data-id=\"51d4af77\" data-element_type=\"widget\" data-e-type=\"widget\" data-settings=\"{&quot;ekit_we_effect_on&quot;:&quot;none&quot;}\" data-widget_type=\"image.default\">\n\t\t\t\t<div class=\"elementor-widget-container\">\n\t\t\t\t\t\t\t\t\t\t\t\t\t\t\t<img fetchpriority=\"high\" decoding=\"async\" width=\"800\" height=\"650\" src=\"data:image\/gif;base64,R0lGODlhAQABAIAAAAAAAP\/\/\/yH5BAEAAAAALAAAAAABAAEAAAIBRAA7\" data-src=\"https:\/\/hosteriadelparque.com\/wp-content\/uploads\/2023\/08\/img1p.jpg\" class=\"attachment-full size-full wp-image-1533 lazyload\" alt=\"\" data-srcset=\"https:\/\/hosteriadelparque.com\/wp-content\/uploads\/2023\/08\/img1p.jpg 800w, https:\/\/hosteriadelparque.com\/wp-content\/uploads\/2023\/08\/img1p-300x244.jpg 300w, https:\/\/hosteriadelparque.com\/wp-content\/uploads\/2023\/08\/img1p-768x624.jpg 768w\" sizes=\"(max-width: 800px) 100vw, 800px\" title=\"\"><noscript><img decoding=\"async\" width=\"800\" height=\"650\" src=\"https:\/\/hosteriadelparque.com\/wp-content\/uploads\/2023\/08\/img1p.jpg\" class=\"attachment-full size-full wp-image-1533 lazyload\" alt=\"\" srcset=\"https:\/\/hosteriadelparque.com\/wp-content\/uploads\/2023\/08\/img1p.jpg 800w, https:\/\/hosteriadelparque.com\/wp-content\/uploads\/2023\/08\/img1p-300x244.jpg 300w, https:\/\/hosteriadelparque.com\/wp-content\/uploads\/2023\/08\/img1p-768x624.jpg 768w\" sizes=\"(max-width: 800px) 100vw, 800px\" title=\"\"><\/noscript>\t\t\t\t\t\t\t\t\t\t\t\t\t\t\t<\/div>\n\t\t\t\t<\/div>\n\t\t\t\t<div class=\"elementor-element elementor-element-26729a8 elementor-widget elementor-widget-text-editor\" data-id=\"26729a8\" data-element_type=\"widget\" data-e-type=\"widget\" data-settings=\"{&quot;ekit_we_effect_on&quot;:&quot;none&quot;}\" data-widget_type=\"text-editor.default\">\n\t\t\t\t<div class=\"elementor-widget-container\">\n\t\t\t\t\t\t\t\t\t<p>The chirping of the birds, the murmur of the waves, the sunset reflected in the sea or the sunrise with the best of aromas, are some of the gifts that will make your visit a much more than special stay.<\/p>\t\t\t\t\t\t\t\t<\/div>\n\t\t\t\t<\/div>\n\t\t\t\t\t<\/div>\n\t\t<\/div>\n\t\t\t\t<div class=\"elementor-column elementor-col-50 elementor-top-column elementor-element elementor-element-43190127\" data-id=\"43190127\" data-element_type=\"column\" data-e-type=\"column\">\n\t\t\t<div class=\"elementor-widget-wrap elementor-element-populated\">\n\t\t\t\t\t\t<div class=\"elementor-element elementor-element-7daf6211 elementor-widget elementor-widget-text-editor\" data-id=\"7daf6211\" data-element_type=\"widget\" data-e-type=\"widget\" data-settings=\"{&quot;ekit_we_effect_on&quot;:&quot;none&quot;}\" data-widget_type=\"text-editor.default\">\n\t\t\t\t<div class=\"elementor-widget-container\">\n\t\t\t\t\t\t\t\t\t<p>Enjoy our gardens, watch different types of birds, go snorkelling, diving, whale watching and experience the most spectacular sunsets from our lookout point.<\/p>\t\t\t\t\t\t\t\t<\/div>\n\t\t\t\t<\/div>\n\t\t\t\t<div class=\"elementor-element elementor-element-56f47e15 elementor-widget elementor-widget-image\" data-id=\"56f47e15\" data-element_type=\"widget\" data-e-type=\"widget\" data-settings=\"{&quot;ekit_we_effect_on&quot;:&quot;none&quot;}\" data-widget_type=\"image.default\">\n\t\t\t\t<div class=\"elementor-widget-container\">\n\t\t\t\t\t\t\t\t\t\t\t\t\t\t\t<img decoding=\"async\" width=\"800\" height=\"650\" src=\"data:image\/gif;base64,R0lGODlhAQABAIAAAAAAAP\/\/\/yH5BAEAAAAALAAAAAABAAEAAAIBRAA7\" data-src=\"https:\/\/hosteriadelparque.com\/wp-content\/uploads\/2023\/08\/img2p.jpg\" class=\"attachment-full size-full wp-image-1534 lazyload\" alt=\"\" data-srcset=\"https:\/\/hosteriadelparque.com\/wp-content\/uploads\/2023\/08\/img2p.jpg 800w, https:\/\/hosteriadelparque.com\/wp-content\/uploads\/2023\/08\/img2p-300x244.jpg 300w, https:\/\/hosteriadelparque.com\/wp-content\/uploads\/2023\/08\/img2p-768x624.jpg 768w\" sizes=\"(max-width: 800px) 100vw, 800px\" title=\"\"><noscript><img loading=\"lazy\" decoding=\"async\" width=\"800\" height=\"650\" src=\"https:\/\/hosteriadelparque.com\/wp-content\/uploads\/2023\/08\/img2p.jpg\" class=\"attachment-full size-full wp-image-1534 lazyload\" alt=\"\" srcset=\"https:\/\/hosteriadelparque.com\/wp-content\/uploads\/2023\/08\/img2p.jpg 800w, https:\/\/hosteriadelparque.com\/wp-content\/uploads\/2023\/08\/img2p-300x244.jpg 300w, https:\/\/hosteriadelparque.com\/wp-content\/uploads\/2023\/08\/img2p-768x624.jpg 768w\" sizes=\"(max-width: 800px) 100vw, 800px\" title=\"\"><\/noscript>\t\t\t\t\t\t\t\t\t\t\t\t\t\t\t<\/div>\n\t\t\t\t<\/div>\n\t\t\t\t<div class=\"elementor-element elementor-element-0f44c30 elementor-widget elementor-widget-heading\" data-id=\"0f44c30\" data-element_type=\"widget\" data-e-type=\"widget\" data-settings=\"{&quot;ekit_we_effect_on&quot;:&quot;none&quot;}\" data-widget_type=\"heading.default\">\n\t\t\t\t<div class=\"elementor-widget-container\">\n\t\t\t\t\t<h2 class=\"elementor-heading-title elementor-size-default\">Social Projects<\/h2>\t\t\t\t<\/div>\n\t\t\t\t<\/div>\n\t\t\t\t<div class=\"elementor-element elementor-element-545c249 elementor-widget elementor-widget-text-editor\" data-id=\"545c249\" data-element_type=\"widget\" data-e-type=\"widget\" data-settings=\"{&quot;ekit_we_effect_on&quot;:&quot;none&quot;}\" data-widget_type=\"text-editor.default\">\n\t\t\t\t<div class=\"elementor-widget-container\">\n\t\t\t\t\t\t\t\t\t<p>If you have a project that can help the socio-demographic development of the parish, please contact us so that we can work as a team.<\/p>\t\t\t\t\t\t\t\t<\/div>\n\t\t\t\t<\/div>\n\t\t\t\t\t<\/div>\n\t\t<\/div>\n\t\t\t\t\t<\/div>\n\t\t<\/section>\n\t\t\t\t<section data-particle_enable=\"false\" data-particle-mobile-disabled=\"false\" class=\"elementor-section elementor-top-section elementor-element elementor-element-e708d58 elementor-section-boxed elementor-section-height-default elementor-section-height-default\" data-id=\"e708d58\" data-element_type=\"section\" data-e-type=\"section\" data-settings=\"{&quot;background_background&quot;:&quot;classic&quot;,&quot;ekit_has_onepagescroll_dot&quot;:&quot;yes&quot;}\">\n\t\t\t\t\t\t\t<div class=\"elementor-background-overlay\"><\/div>\n\t\t\t\t\t\t\t<div class=\"elementor-container elementor-column-gap-default\">\n\t\t\t\t\t<div class=\"elementor-column elementor-col-50 elementor-top-column elementor-element elementor-element-708b86e\" data-id=\"708b86e\" data-element_type=\"column\" data-e-type=\"column\">\n\t\t\t<div class=\"elementor-widget-wrap elementor-element-populated\">\n\t\t\t\t\t\t<div class=\"elementor-element elementor-element-13451b0 animated-slow elementor-invisible elementor-widget elementor-widget-heading\" data-id=\"13451b0\" data-element_type=\"widget\" data-e-type=\"widget\" data-settings=\"{&quot;_animation&quot;:&quot;fadeInUp&quot;,&quot;ekit_we_effect_on&quot;:&quot;none&quot;}\" data-widget_type=\"heading.default\">\n\t\t\t\t<div class=\"elementor-widget-container\">\n\t\t\t\t\t<h2 class=\"elementor-heading-title elementor-size-default\">In need of a holiday?<\/h2>\t\t\t\t<\/div>\n\t\t\t\t<\/div>\n\t\t\t\t<div class=\"elementor-element elementor-element-5747ec6 elementor-widget elementor-widget-text-editor\" data-id=\"5747ec6\" data-element_type=\"widget\" data-e-type=\"widget\" data-settings=\"{&quot;ekit_we_effect_on&quot;:&quot;none&quot;}\" data-widget_type=\"text-editor.default\">\n\t\t\t\t<div class=\"elementor-widget-container\">\n\t\t\t\t\t\t\t\t\t<p>Beach, nature and comfort await you! Book now at the Hoster\u00eda del Parque.<\/p>\t\t\t\t\t\t\t\t<\/div>\n\t\t\t\t<\/div>\n\t\t\t\t\t<\/div>\n\t\t<\/div>\n\t\t\t\t<div class=\"elementor-column elementor-col-50 elementor-top-column elementor-element elementor-element-5225362\" data-id=\"5225362\" data-element_type=\"column\" data-e-type=\"column\">\n\t\t\t<div class=\"elementor-widget-wrap elementor-element-populated\">\n\t\t\t\t\t\t<section data-particle_enable=\"false\" data-particle-mobile-disabled=\"false\" class=\"elementor-section elementor-inner-section elementor-element elementor-element-9ffee53 elementor-section-boxed elementor-section-height-default elementor-section-height-default\" data-id=\"9ffee53\" data-element_type=\"section\" data-e-type=\"section\" data-settings=\"{&quot;ekit_has_onepagescroll_dot&quot;:&quot;yes&quot;}\">\n\t\t\t\t\t\t<div class=\"elementor-container elementor-column-gap-default\">\n\t\t\t\t\t<div class=\"elementor-column elementor-col-100 elementor-inner-column elementor-element elementor-element-5b89c32\" data-id=\"5b89c32\" data-element_type=\"column\" data-e-type=\"column\">\n\t\t\t<div class=\"elementor-widget-wrap elementor-element-populated\">\n\t\t\t\t\t\t<div class=\"elementor-element elementor-element-e277fa4 elementor-widget__width-auto elementor-widget-mobile__width-auto elementor-widget elementor-widget-jkit_button\" data-id=\"e277fa4\" data-element_type=\"widget\" data-e-type=\"widget\" data-settings=\"{&quot;ekit_we_effect_on&quot;:&quot;none&quot;}\" data-widget_type=\"jkit_button.default\">\n\t\t\t\t<div class=\"elementor-widget-container\">\n\t\t\t\t\t<div  class=\"jeg-elementor-kit jkit-button  icon-position-after jeg_module___6a04790d26dc2\" ><a href=\"https:\/\/hosteriadelparque.com\/en\/reservas\/\" class=\"jkit-button-wrapper\" target=\"_blank\">Book Now<\/a><\/div>\t\t\t\t<\/div>\n\t\t\t\t<\/div>\n\t\t\t\t\t<\/div>\n\t\t<\/div>\n\t\t\t\t\t<\/div>\n\t\t<\/section>\n\t\t\t\t\t<\/div>\n\t\t<\/div>\n\t\t\t\t\t<\/div>\n\t\t<\/section>\n\t\t\t\t<\/div>","protected":false},"excerpt":{"rendered":"<p>Acerca de Nosotros Sobre nuestra Hoster\u00eda Vive la magia de Machalilla en Hoster\u00eda del Parque, donde la naturaleza te conecta. Descubre Hoster\u00eda del Parque, un refugio exclusivo en Manab\u00ed, a solo 10 minutos de Puerto L\u00f3pez. Sum\u00e9rgete en la tranquilidad de la Playa de los Frailes y conecta con la naturaleza. Disfruta de la exquisita [&hellip;]<\/p>\n","protected":false},"author":8,"featured_media":0,"parent":0,"menu_order":0,"comment_status":"closed","ping_status":"closed","template":"elementor_header_footer","meta":{"_joinchat":[],"footnotes":""},"class_list":["post-70","page","type-page","status-publish","hentry"],"_links":{"self":[{"href":"https:\/\/hosteriadelparque.com\/en\/wp-json\/wp\/v2\/pages\/70","targetHints":{"allow":["GET"]}}],"collection":[{"href":"https:\/\/hosteriadelparque.com\/en\/wp-json\/wp\/v2\/pages"}],"about":[{"href":"https:\/\/hosteriadelparque.com\/en\/wp-json\/wp\/v2\/types\/page"}],"author":[{"embeddable":true,"href":"https:\/\/hosteriadelparque.com\/en\/wp-json\/wp\/v2\/users\/8"}],"replies":[{"embeddable":true,"href":"https:\/\/hosteriadelparque.com\/en\/wp-json\/wp\/v2\/comments?post=70"}],"version-history":[{"count":93,"href":"https:\/\/hosteriadelparque.com\/en\/wp-json\/wp\/v2\/pages\/70\/revisions"}],"predecessor-version":[{"id":2936,"href":"https:\/\/hosteriadelparque.com\/en\/wp-json\/wp\/v2\/pages\/70\/revisions\/2936"}],"wp:attachment":[{"href":"https:\/\/hosteriadelparque.com\/en\/wp-json\/wp\/v2\/media?parent=70"}],"curies":[{"name":"wp","href":"https:\/\/api.w.org\/{rel}","templated":true}]}}