{"id":94,"date":"2023-07-20T17:19:48","date_gmt":"2023-07-20T17:19:48","guid":{"rendered":"https:\/\/hosteriadelparque.com\/?page_id=94"},"modified":"2024-04-12T15:26:42","modified_gmt":"2024-04-12T15:26:42","slug":"reservas","status":"publish","type":"page","link":"https:\/\/hosteriadelparque.com\/en\/reservas\/","title":{"rendered":"Bookings"},"content":{"rendered":"<div data-elementor-type=\"wp-page\" data-elementor-id=\"94\" class=\"elementor elementor-94\" data-elementor-post-type=\"page\">\n\t\t\t\t\t\t<section data-particle_enable=\"false\" data-particle-mobile-disabled=\"false\" class=\"elementor-section elementor-top-section elementor-element elementor-element-cdfd768 elementor-section-content-middle elementor-section-boxed elementor-section-height-default elementor-section-height-default\" data-id=\"cdfd768\" data-element_type=\"section\" data-e-type=\"section\" data-settings=\"{&quot;background_background&quot;:&quot;classic&quot;,&quot;ekit_has_onepagescroll_dot&quot;:&quot;yes&quot;}\">\n\t\t\t\t\t\t\t<div class=\"elementor-background-overlay\"><\/div>\n\t\t\t\t\t\t\t<div class=\"elementor-container elementor-column-gap-default\">\n\t\t\t\t\t<div class=\"elementor-column elementor-col-100 elementor-top-column elementor-element elementor-element-7607197\" data-id=\"7607197\" data-element_type=\"column\" data-e-type=\"column\">\n\t\t\t<div class=\"elementor-widget-wrap elementor-element-populated\">\n\t\t\t\t\t\t<div class=\"elementor-element elementor-element-a1b37a3 elementor-widget elementor-widget-heading\" data-id=\"a1b37a3\" data-element_type=\"widget\" data-e-type=\"widget\" data-settings=\"{&quot;ekit_we_effect_on&quot;:&quot;none&quot;}\" data-widget_type=\"heading.default\">\n\t\t\t\t<div class=\"elementor-widget-container\">\n\t\t\t\t\t<h1 class=\"elementor-heading-title elementor-size-default\">Bookings<\/h1>\t\t\t\t<\/div>\n\t\t\t\t<\/div>\n\t\t\t\t<div class=\"elementor-element elementor-element-96ff746 elementor-hidden-desktop elementor-hidden-tablet elementor-hidden-mobile elementor-widget elementor-widget-heading\" data-id=\"96ff746\" data-element_type=\"widget\" data-e-type=\"widget\" data-settings=\"{&quot;ekit_we_effect_on&quot;:&quot;none&quot;}\" data-widget_type=\"heading.default\">\n\t\t\t\t<div class=\"elementor-widget-container\">\n\t\t\t\t\t<h2 class=\"elementor-heading-title elementor-size-default\">Bookings<\/h2>\t\t\t\t<\/div>\n\t\t\t\t<\/div>\n\t\t\t\t\t<\/div>\n\t\t<\/div>\n\t\t\t\t\t<\/div>\n\t\t<\/section>\n\t\t\t\t<section data-particle_enable=\"false\" data-particle-mobile-disabled=\"false\" class=\"elementor-section elementor-top-section elementor-element elementor-element-56622bc elementor-section-boxed elementor-section-height-default elementor-section-height-default\" data-id=\"56622bc\" data-element_type=\"section\" data-e-type=\"section\" data-settings=\"{&quot;background_background&quot;:&quot;classic&quot;,&quot;ekit_has_onepagescroll_dot&quot;:&quot;yes&quot;}\">\n\t\t\t\t\t\t<div class=\"elementor-container elementor-column-gap-default\">\n\t\t\t\t\t<div class=\"elementor-column elementor-col-100 elementor-top-column elementor-element elementor-element-f248e33\" data-id=\"f248e33\" data-element_type=\"column\" data-e-type=\"column\">\n\t\t\t<div class=\"elementor-widget-wrap elementor-element-populated\">\n\t\t\t\t\t\t<div class=\"elementor-element elementor-element-a834d2b elementor-widget elementor-widget-heading\" data-id=\"a834d2b\" data-element_type=\"widget\" data-e-type=\"widget\" data-settings=\"{&quot;ekit_we_effect_on&quot;:&quot;none&quot;}\" data-widget_type=\"heading.default\">\n\t\t\t\t<div class=\"elementor-widget-container\">\n\t\t\t\t\t<h2 class=\"elementor-heading-title elementor-size-default\">Book now and secure your spot in paradise!<\/h2>\t\t\t\t<\/div>\n\t\t\t\t<\/div>\n\t\t\t\t<div class=\"elementor-element elementor-element-d592baf elementor-widget elementor-widget-text-editor\" data-id=\"d592baf\" data-element_type=\"widget\" data-e-type=\"widget\" data-settings=\"{&quot;ekit_we_effect_on&quot;:&quot;none&quot;}\" data-widget_type=\"text-editor.default\">\n\t\t\t\t<div class=\"elementor-widget-container\">\n\t\t\t\t\t\t\t\t\tStep into a world of charm and elegance, where luxury blends with nature to create a unique experience.\t\t\t\t\t\t\t\t<\/div>\n\t\t\t\t<\/div>\n\t\t\t\t\t<\/div>\n\t\t<\/div>\n\t\t\t\t\t<\/div>\n\t\t<\/section>\n\t\t\t\t<section data-particle_enable=\"false\" data-particle-mobile-disabled=\"false\" class=\"elementor-section elementor-top-section elementor-element elementor-element-419750f elementor-section-boxed elementor-section-height-default elementor-section-height-default\" data-id=\"419750f\" data-element_type=\"section\" data-e-type=\"section\" data-settings=\"{&quot;ekit_has_onepagescroll_dot&quot;:&quot;yes&quot;}\">\n\t\t\t\t\t\t<div class=\"elementor-container elementor-column-gap-default\">\n\t\t\t\t\t<div class=\"elementor-column elementor-col-100 elementor-top-column elementor-element elementor-element-9fca0b9\" data-id=\"9fca0b9\" data-element_type=\"column\" data-e-type=\"column\">\n\t\t\t<div class=\"elementor-widget-wrap elementor-element-populated\">\n\t\t\t\t\t\t<div class=\"elementor-element elementor-element-d0a17d3 elementor-widget elementor-widget-shortcode\" data-id=\"d0a17d3\" data-element_type=\"widget\" data-e-type=\"widget\" data-settings=\"{&quot;ekit_we_effect_on&quot;:&quot;none&quot;}\" data-widget_type=\"shortcode.default\">\n\t\t\t\t<div class=\"elementor-widget-container\">\n\t\t\t\t\t\t\t<div class=\"elementor-shortcode\"><div id=\"GNAHSEngine\" style=\"max-width: none !important;\"><\/div>\n<script>\n    window.BookingParams = {\n        uuid: '822775E5-2E0F-49C7-99B5-BB8C4F14EF98',\n        establishments: [],\n        language: 'en_US',\n        api: 'https:\/\/hostalric.gnahs.app',\n        assets: 'https:\/\/hostalric.gnahs.app\/dist\/'\n    }\n <\/script>\n <script src=\"https:\/\/assets.gnahs.com\/scripts\/rho-initialization\/gnahs-get-rho-initial-settings-v2.js\" onload=\"(new GNAHSGetRhoInitialSettings())\"><\/script>\n <script src=\"https:\/\/assets.gnahs.com\/scripts\/booking-engine\/fetch.min.js\"><\/script>\n <\/div>\n\t\t\t\t\t\t<\/div>\n\t\t\t\t<\/div>\n\t\t\t\t<div class=\"elementor-element elementor-element-c324501 elementor-hidden-desktop elementor-hidden-tablet elementor-hidden-mobile elementor-widget elementor-widget-html\" data-id=\"c324501\" data-element_type=\"widget\" data-e-type=\"widget\" data-settings=\"{&quot;ekit_we_effect_on&quot;:&quot;none&quot;}\" data-widget_type=\"html.default\">\n\t\t\t\t<div class=\"elementor-widget-container\">\n\t\t\t\t\t<!-- \r\n    WuBook Javascript Library\r\n    Eventually, put it inside\r\n    your <head\/> tag\r\n-->\r\n<script src=\"https:\/\/wubook.net\/js\/wblib.jgz\"><\/script>\r\n<!-- \r\n     put the following div where WuBook \r\n     should be designed. Make sure to\r\n     preserve the div contents (backlink)\r\n-->\r\n<div id=\"_wbord_\">\r\n  <a href=\"https:\/\/wubook.net\/page\/WooDoo-Channel-Manager-36.html\" style=\"display: block; margin-top: 5px; text-decoration:none;border:none\" target=\"_blank\" rel=\"noopener\">\r\n    <img decoding=\"async\" class=\"lazyload\" src=\"data:image\/gif;base64,R0lGODlhAQABAIAAAAAAAP\/\/\/yH5BAEAAAAALAAAAAABAAEAAAIBRAA7\" data-src=\"https:\/\/wubook.net\/imgs\/default\/booking_by_wu.gif\" alt=\"Channel manager para hoteles y hostales - Wubook\" title=\"Soluciones de gesti\u00f3n hotelera\" style=\"border:none;text-decoration:none\" \/><noscript><img decoding=\"async\" class=\"lazyload\" src=\"https:\/\/wubook.net\/imgs\/default\/booking_by_wu.gif\" alt=\"Channel manager para hoteles y hostales - Wubook\" title=\"Soluciones de gesti\u00f3n hotelera\" style=\"border:none;text-decoration:none\" \/><\/noscript>\r\n  <\/a>\r\n<\/div>\r\n<!-- \r\n     Initialize the WuBook Object.\r\n     Collect params settings.\r\n     Call WuBook.design_rwidget().\r\n\r\n     Notice WuBook Object provides a\r\n     lot of interesting features.\r\n-->\r\n<script>\r\n  var WuBook= new _WuBook(1427795216);\r\n  var wbparams= {\r\n    bgcolor: 'rgba(0, 0, 0, 0)',\r\n    textcolor: '#00569F',\r\n    buttoncolor: '#00569F',\r\n    iconcolor: '#00AEEF',\r\n    bordercolor: 'rgba(0, 0, 0, 0)',\r\n    lang: 'es',\r\n    failback_lang: 'es',\r\n    wbgoogle: 1,\r\n    default_nights: 1,\r\n    dcodeval: ''\r\n  };\r\n  WuBook.design_rwidget(\"_wbord_\", wbparams);\r\n<\/script>\r\n<!-- \r\n    that's all :)\r\n    Thank you for using WuBook!\r\n-->\t\t\t\t<\/div>\n\t\t\t\t<\/div>\n\t\t\t\t\t<\/div>\n\t\t<\/div>\n\t\t\t\t\t<\/div>\n\t\t<\/section>\n\t\t\t\t<section data-particle_enable=\"false\" data-particle-mobile-disabled=\"false\" class=\"elementor-section elementor-top-section elementor-element elementor-element-80e9d75 elementor-section-boxed elementor-section-height-default elementor-section-height-default\" data-id=\"80e9d75\" data-element_type=\"section\" data-e-type=\"section\" data-settings=\"{&quot;ekit_has_onepagescroll_dot&quot;:&quot;yes&quot;}\">\n\t\t\t\t\t\t<div class=\"elementor-container elementor-column-gap-default\">\n\t\t\t\t\t<div class=\"elementor-column elementor-col-100 elementor-top-column elementor-element elementor-element-47d845d\" data-id=\"47d845d\" data-element_type=\"column\" data-e-type=\"column\">\n\t\t\t<div class=\"elementor-widget-wrap elementor-element-populated\">\n\t\t\t\t\t\t<div class=\"elementor-element elementor-element-22c72a1 elementor-widget elementor-widget-spacer\" data-id=\"22c72a1\" data-element_type=\"widget\" data-e-type=\"widget\" data-settings=\"{&quot;ekit_we_effect_on&quot;:&quot;none&quot;}\" data-widget_type=\"spacer.default\">\n\t\t\t\t<div class=\"elementor-widget-container\">\n\t\t\t\t\t\t\t<div class=\"elementor-spacer\">\n\t\t\t<div class=\"elementor-spacer-inner\"><\/div>\n\t\t<\/div>\n\t\t\t\t\t\t<\/div>\n\t\t\t\t<\/div>\n\t\t\t\t\t<\/div>\n\t\t<\/div>\n\t\t\t\t\t<\/div>\n\t\t<\/section>\n\t\t\t\t<\/div>","protected":false},"excerpt":{"rendered":"<p>Reservas Reservas \u00a1Reserva ahora y asegura tu lugar en el para\u00edso! Ad\u00e9ntrate en un mundo de encanto y elegancia, donde el lujo se mezcla con la naturaleza para crear una experiencia \u00fanica.<\/p>","protected":false},"author":8,"featured_media":0,"parent":0,"menu_order":0,"comment_status":"closed","ping_status":"closed","template":"","meta":{"_joinchat":[],"footnotes":""},"class_list":["post-94","page","type-page","status-publish","hentry"],"_links":{"self":[{"href":"https:\/\/hosteriadelparque.com\/en\/wp-json\/wp\/v2\/pages\/94","targetHints":{"allow":["GET"]}}],"collection":[{"href":"https:\/\/hosteriadelparque.com\/en\/wp-json\/wp\/v2\/pages"}],"about":[{"href":"https:\/\/hosteriadelparque.com\/en\/wp-json\/wp\/v2\/types\/page"}],"author":[{"embeddable":true,"href":"https:\/\/hosteriadelparque.com\/en\/wp-json\/wp\/v2\/users\/8"}],"replies":[{"embeddable":true,"href":"https:\/\/hosteriadelparque.com\/en\/wp-json\/wp\/v2\/comments?post=94"}],"version-history":[{"count":38,"href":"https:\/\/hosteriadelparque.com\/en\/wp-json\/wp\/v2\/pages\/94\/revisions"}],"predecessor-version":[{"id":2752,"href":"https:\/\/hosteriadelparque.com\/en\/wp-json\/wp\/v2\/pages\/94\/revisions\/2752"}],"wp:attachment":[{"href":"https:\/\/hosteriadelparque.com\/en\/wp-json\/wp\/v2\/media?parent=94"}],"curies":[{"name":"wp","href":"https:\/\/api.w.org\/{rel}","templated":true}]}}